{"id":415,"date":"2017-05-29T20:18:43","date_gmt":"2017-05-30T00:18:43","guid":{"rendered":"https:\/\/www.planipharm.com\/contactez-nous\/"},"modified":"2026-04-06T11:43:23","modified_gmt":"2026-04-06T15:43:23","slug":"contact-us","status":"publish","type":"page","link":"https:\/\/www.planipharm.com\/en\/contact-us\/","title":{"rendered":"Contact Us"},"content":{"rendered":"<div class=\"col-sm-12 formulaire\">\n<h2 style=\"text-transform: uppercase;\">Contact form<\/h2>\n\n<div class=\"wpcf7 no-js\" id=\"wpcf7-f451-o1\" lang=\"fr-FR\" dir=\"ltr\" data-wpcf7-id=\"451\">\n<div class=\"screen-reader-response\"><p role=\"status\" aria-live=\"polite\" aria-atomic=\"true\"><\/p> <ul><\/ul><\/div>\n<form action=\"\/en\/wp-json\/wp\/v2\/pages\/415#wpcf7-f451-o1\" method=\"post\" class=\"wpcf7-form init\" aria-label=\"Formulaire de contact\" novalidate=\"novalidate\" data-status=\"init\">\n<fieldset class=\"hidden-fields-container\"><input type=\"hidden\" name=\"_wpcf7\" value=\"451\" \/><input type=\"hidden\" name=\"_wpcf7_version\" value=\"6.1.5\" \/><input type=\"hidden\" name=\"_wpcf7_locale\" value=\"fr_FR\" \/><input type=\"hidden\" name=\"_wpcf7_unit_tag\" value=\"wpcf7-f451-o1\" \/><input type=\"hidden\" name=\"_wpcf7_container_post\" value=\"0\" \/><input type=\"hidden\" name=\"_wpcf7_posted_data_hash\" value=\"\" \/><input type=\"hidden\" name=\"_wpcf7_recaptcha_response\" value=\"\" \/>\n<\/fieldset>\n<p><label>First Name<span class=\"couleurRouge\">*<\/span><br \/>\n<span class=\"wpcf7-form-control-wrap\" data-name=\"your-firstname\"><input size=\"40\" maxlength=\"400\" class=\"wpcf7-form-control wpcf7-text wpcf7-validates-as-required\" aria-required=\"true\" aria-invalid=\"false\" value=\"\" type=\"text\" name=\"your-firstname\" \/><\/span> <\/label>\n<\/p>\n<p><label>Name<span class=\"couleurRouge\">*<\/span><br \/>\n<span class=\"wpcf7-form-control-wrap\" data-name=\"your-lastname\"><input size=\"40\" maxlength=\"400\" class=\"wpcf7-form-control wpcf7-text wpcf7-validates-as-required\" aria-required=\"true\" aria-invalid=\"false\" value=\"\" type=\"text\" name=\"your-lastname\" \/><\/span> <\/label>\n<\/p>\n<p><label>Email<span class=\"couleurRouge\">*<\/span><br \/>\n<span class=\"wpcf7-form-control-wrap\" data-name=\"your-email\"><input size=\"40\" maxlength=\"400\" class=\"wpcf7-form-control wpcf7-email wpcf7-validates-as-required wpcf7-text wpcf7-validates-as-email\" aria-required=\"true\" aria-invalid=\"false\" value=\"\" type=\"email\" name=\"your-email\" \/><\/span> <\/label>\n<\/p>\n<p><label> Phone<br \/>\n<span class=\"wpcf7-form-control-wrap\" data-name=\"tel-387\"><input size=\"40\" maxlength=\"400\" class=\"wpcf7-form-control wpcf7-tel wpcf7-text wpcf7-validates-as-tel\" aria-invalid=\"false\" value=\"\" type=\"tel\" name=\"tel-387\" \/><\/span> <\/label>\n<\/p>\n<p><label> Message<span class=\"couleurRouge\">*<\/span><br \/>\n<span class=\"wpcf7-form-control-wrap\" data-name=\"your-message\"><textarea cols=\"40\" rows=\"10\" maxlength=\"2000\" class=\"wpcf7-form-control wpcf7-textarea wpcf7-validates-as-required\" aria-required=\"true\" aria-invalid=\"false\" name=\"your-message\"><\/textarea><\/span> <\/label>\n<\/p>\n<input class=\"wpcf7-form-control wpcf7-hidden\" value=\"Anglais\" type=\"hidden\" name=\"language\" \/>\n<input class=\"wpcf7-form-control wpcf7-hidden\" value=\"TBD\" type=\"hidden\" name=\"company\" \/>\n<p><span class=\"wpcf7-form-control-wrap\" data-name=\"newsletter-checker\"><span class=\"wpcf7-form-control wpcf7-checkbox\"><span class=\"wpcf7-list-item first last\"><input type=\"checkbox\" name=\"newsletter-checker[]\" value=\"Subscribe to our newsletter\" \/><span class=\"wpcf7-list-item-label\">Subscribe to our newsletter<\/span><\/span><\/span><\/span><br \/>\n<br \/>\n<div class=\"cf7-cf-turnstile\" style=\"margin-top: 0px; margin-bottom: -15px;\"> <div id=\"cf-turnstile-cf7-3415103022\" class=\"cf-turnstile\" data-sitekey=\"0x4AAAAAAB_iCDoACdLwa33Y\" data-theme=\"light\" data-language=\"auto\" data-size=\"normal\" data-retry=\"auto\" data-retry-interval=\"1000\" data-refresh-expired=\"auto\" data-action=\"contact-form-7\" data-appearance=\"always\"><\/div> <script>document.addEventListener(\"DOMContentLoaded\", function() { setTimeout(function(){ var e=document.getElementById(\"cf-turnstile-cf7-3415103022\"); e&&!e.innerHTML.trim()&&(turnstile.remove(\"#cf-turnstile-cf7-3415103022\"), turnstile.render(\"#cf-turnstile-cf7-3415103022\", {sitekey:\"0x4AAAAAAB_iCDoACdLwa33Y\"})); }, 100); });<\/script> <br class=\"cf-turnstile-br cf-turnstile-br-cf7-3415103022\"> <style>#cf-turnstile-cf7-3415103022 { margin-left: -15px; }<\/style> <script>document.addEventListener(\"DOMContentLoaded\",function(){document.querySelectorAll('.wpcf7-form').forEach(function(e){e.addEventListener('submit',function(){if(document.getElementById('cf-turnstile-cf7-3415103022')){setTimeout(function(){turnstile.reset('#cf-turnstile-cf7-3415103022');},1000)}})})});<\/script> <\/div><br\/><input class=\"wpcf7-form-control wpcf7-submit has-spinner\" type=\"submit\" value=\"Send\" \/>\n<\/p><div class=\"wpcf7-response-output\" aria-hidden=\"true\"><\/div>\n<\/form>\n<\/div>\n\n<\/div>\n<div class=\"col-sm-12 adresse\"><strong class=\"nomCie\">PLANIPHARM DESIGN<\/strong><br \/>\n<strong>Guy B\u00e9lisle, <\/strong><em>President<\/em><br \/>\n<strong>Marc-Andr\u00e9 B\u00e9lisle, <\/strong><i>Chief of Operations<\/i><br \/>\n188 Rue Armand Majeau, Saint-Roch-de-L&#8217;Achigan, local 105.<br \/>\n<a style=\"color: #000; text-decoration: underline;\" href=\"mailto:planipharm@planipharm.ca\">planipharm@planipharm.ca<\/a><br \/>\n<span style=\"color: #05b43f; font-weight: 600;\">T : 450 434.9984<\/span><br \/>\n<span style=\"font-weight: 900;\">1 877.433.8990<\/span><br \/>\nF : 450 477.7216<\/div>\n","protected":false},"excerpt":{"rendered":"<p>Contact form PLANIPHARM DESIGN Guy B\u00e9lisle, President Marc-Andr\u00e9 B\u00e9lisle, Chief of Operations 188 Rue Armand Majeau, Saint-Roch-de-L&#8217;Achigan, local 105. planipharm@planipharm.ca T : 450 434.9984 1 877.433.8990 F : 450 477.7216<\/p>\n","protected":false},"author":1,"featured_media":3515,"parent":0,"menu_order":0,"comment_status":"closed","ping_status":"closed","template":"contact.php","meta":{"_acf_changed":false,"footnotes":""},"class_list":["post-415","page","type-page","status-publish","has-post-thumbnail","hentry"],"acf":[],"yoast_head":"<!-- This site is optimized with the Yoast SEO plugin v27.0 - https:\/\/yoast.com\/product\/yoast-seo-wordpress\/ -->\n<title>Contact us about your design projects - Planipharm<\/title>\n<meta name=\"description\" content=\"Please contact Planipharm Design for all of your pharmacy design needs.\" \/>\n<meta name=\"robots\" content=\"index, follow, max-snippet:-1, max-image-preview:large, max-video-preview:-1\" \/>\n<link rel=\"canonical\" href=\"https:\/\/www.planipharm.com\/en\/contact-us\/\" \/>\n<meta property=\"og:locale\" content=\"en_US\" \/>\n<meta property=\"og:type\" content=\"article\" \/>\n<meta property=\"og:title\" content=\"Contact us about your design projects - Planipharm\" \/>\n<meta property=\"og:description\" content=\"Please contact Planipharm Design for all of your pharmacy design needs.\" \/>\n<meta property=\"og:url\" content=\"https:\/\/www.planipharm.com\/en\/contact-us\/\" \/>\n<meta property=\"og:site_name\" content=\"Planipharm\" \/>\n<meta property=\"article:modified_time\" content=\"2026-04-06T15:43:23+00:00\" \/>\n<meta property=\"og:image\" content=\"https:\/\/www.planipharm.com\/wp-content\/uploads\/2021\/07\/Image-Cover-Contactez-nous_opti.jpg\" \/>\n\t<meta property=\"og:image:width\" content=\"1920\" \/>\n\t<meta property=\"og:image:height\" content=\"1080\" \/>\n\t<meta property=\"og:image:type\" content=\"image\/jpeg\" \/>\n<meta name=\"twitter:card\" content=\"summary_large_image\" \/>\n<meta name=\"twitter:label1\" content=\"Est. reading time\" \/>\n\t<meta name=\"twitter:data1\" content=\"1 minute\" \/>\n<script type=\"application\/ld+json\" class=\"yoast-schema-graph\">{\"@context\":\"https:\/\/schema.org\",\"@graph\":[{\"@type\":\"WebPage\",\"@id\":\"https:\/\/www.planipharm.com\/en\/contact-us\/\",\"url\":\"https:\/\/www.planipharm.com\/en\/contact-us\/\",\"name\":\"Contact us about your design projects - Planipharm\",\"isPartOf\":{\"@id\":\"https:\/\/www.planipharm.com\/en\/#website\"},\"primaryImageOfPage\":{\"@id\":\"https:\/\/www.planipharm.com\/en\/contact-us\/#primaryimage\"},\"image\":{\"@id\":\"https:\/\/www.planipharm.com\/en\/contact-us\/#primaryimage\"},\"thumbnailUrl\":\"https:\/\/www.planipharm.com\/wp-content\/uploads\/2021\/07\/Image-Cover-Contactez-nous_opti.jpg\",\"datePublished\":\"2017-05-30T00:18:43+00:00\",\"dateModified\":\"2026-04-06T15:43:23+00:00\",\"description\":\"Please contact Planipharm Design for all of your pharmacy design needs.\",\"breadcrumb\":{\"@id\":\"https:\/\/www.planipharm.com\/en\/contact-us\/#breadcrumb\"},\"inLanguage\":\"en-US\",\"potentialAction\":[{\"@type\":\"ReadAction\",\"target\":[\"https:\/\/www.planipharm.com\/en\/contact-us\/\"]}]},{\"@type\":\"ImageObject\",\"inLanguage\":\"en-US\",\"@id\":\"https:\/\/www.planipharm.com\/en\/contact-us\/#primaryimage\",\"url\":\"https:\/\/www.planipharm.com\/wp-content\/uploads\/2021\/07\/Image-Cover-Contactez-nous_opti.jpg\",\"contentUrl\":\"https:\/\/www.planipharm.com\/wp-content\/uploads\/2021\/07\/Image-Cover-Contactez-nous_opti.jpg\",\"width\":1920,\"height\":1080},{\"@type\":\"BreadcrumbList\",\"@id\":\"https:\/\/www.planipharm.com\/en\/contact-us\/#breadcrumb\",\"itemListElement\":[{\"@type\":\"ListItem\",\"position\":1,\"name\":\"Accueil\",\"item\":\"https:\/\/www.planipharm.com\/en\/page-daccueil\/\"},{\"@type\":\"ListItem\",\"position\":2,\"name\":\"Contact Us\"}]},{\"@type\":\"WebSite\",\"@id\":\"https:\/\/www.planipharm.com\/en\/#website\",\"url\":\"https:\/\/www.planipharm.com\/en\/\",\"name\":\"Planipharm\",\"description\":\"Want a customized workplace?\",\"potentialAction\":[{\"@type\":\"SearchAction\",\"target\":{\"@type\":\"EntryPoint\",\"urlTemplate\":\"https:\/\/www.planipharm.com\/en\/?s={search_term_string}\"},\"query-input\":{\"@type\":\"PropertyValueSpecification\",\"valueRequired\":true,\"valueName\":\"search_term_string\"}}],\"inLanguage\":\"en-US\"}]}<\/script>\n<!-- \/ Yoast SEO plugin. -->","yoast_head_json":{"title":"Contact us about your design projects - Planipharm","description":"Please contact Planipharm Design for all of your pharmacy design needs.","robots":{"index":"index","follow":"follow","max-snippet":"max-snippet:-1","max-image-preview":"max-image-preview:large","max-video-preview":"max-video-preview:-1"},"canonical":"https:\/\/www.planipharm.com\/en\/contact-us\/","og_locale":"en_US","og_type":"article","og_title":"Contact us about your design projects - Planipharm","og_description":"Please contact Planipharm Design for all of your pharmacy design needs.","og_url":"https:\/\/www.planipharm.com\/en\/contact-us\/","og_site_name":"Planipharm","article_modified_time":"2026-04-06T15:43:23+00:00","og_image":[{"width":1920,"height":1080,"url":"https:\/\/www.planipharm.com\/wp-content\/uploads\/2021\/07\/Image-Cover-Contactez-nous_opti.jpg","type":"image\/jpeg"}],"twitter_card":"summary_large_image","twitter_misc":{"Est. reading time":"1 minute"},"schema":{"@context":"https:\/\/schema.org","@graph":[{"@type":"WebPage","@id":"https:\/\/www.planipharm.com\/en\/contact-us\/","url":"https:\/\/www.planipharm.com\/en\/contact-us\/","name":"Contact us about your design projects - Planipharm","isPartOf":{"@id":"https:\/\/www.planipharm.com\/en\/#website"},"primaryImageOfPage":{"@id":"https:\/\/www.planipharm.com\/en\/contact-us\/#primaryimage"},"image":{"@id":"https:\/\/www.planipharm.com\/en\/contact-us\/#primaryimage"},"thumbnailUrl":"https:\/\/www.planipharm.com\/wp-content\/uploads\/2021\/07\/Image-Cover-Contactez-nous_opti.jpg","datePublished":"2017-05-30T00:18:43+00:00","dateModified":"2026-04-06T15:43:23+00:00","description":"Please contact Planipharm Design for all of your pharmacy design needs.","breadcrumb":{"@id":"https:\/\/www.planipharm.com\/en\/contact-us\/#breadcrumb"},"inLanguage":"en-US","potentialAction":[{"@type":"ReadAction","target":["https:\/\/www.planipharm.com\/en\/contact-us\/"]}]},{"@type":"ImageObject","inLanguage":"en-US","@id":"https:\/\/www.planipharm.com\/en\/contact-us\/#primaryimage","url":"https:\/\/www.planipharm.com\/wp-content\/uploads\/2021\/07\/Image-Cover-Contactez-nous_opti.jpg","contentUrl":"https:\/\/www.planipharm.com\/wp-content\/uploads\/2021\/07\/Image-Cover-Contactez-nous_opti.jpg","width":1920,"height":1080},{"@type":"BreadcrumbList","@id":"https:\/\/www.planipharm.com\/en\/contact-us\/#breadcrumb","itemListElement":[{"@type":"ListItem","position":1,"name":"Accueil","item":"https:\/\/www.planipharm.com\/en\/page-daccueil\/"},{"@type":"ListItem","position":2,"name":"Contact Us"}]},{"@type":"WebSite","@id":"https:\/\/www.planipharm.com\/en\/#website","url":"https:\/\/www.planipharm.com\/en\/","name":"Planipharm","description":"Want a customized workplace?","potentialAction":[{"@type":"SearchAction","target":{"@type":"EntryPoint","urlTemplate":"https:\/\/www.planipharm.com\/en\/?s={search_term_string}"},"query-input":{"@type":"PropertyValueSpecification","valueRequired":true,"valueName":"search_term_string"}}],"inLanguage":"en-US"}]}},"_links":{"self":[{"href":"https:\/\/www.planipharm.com\/en\/wp-json\/wp\/v2\/pages\/415","targetHints":{"allow":["GET"]}}],"collection":[{"href":"https:\/\/www.planipharm.com\/en\/wp-json\/wp\/v2\/pages"}],"about":[{"href":"https:\/\/www.planipharm.com\/en\/wp-json\/wp\/v2\/types\/page"}],"author":[{"embeddable":true,"href":"https:\/\/www.planipharm.com\/en\/wp-json\/wp\/v2\/users\/1"}],"replies":[{"embeddable":true,"href":"https:\/\/www.planipharm.com\/en\/wp-json\/wp\/v2\/comments?post=415"}],"version-history":[{"count":17,"href":"https:\/\/www.planipharm.com\/en\/wp-json\/wp\/v2\/pages\/415\/revisions"}],"predecessor-version":[{"id":15815,"href":"https:\/\/www.planipharm.com\/en\/wp-json\/wp\/v2\/pages\/415\/revisions\/15815"}],"wp:featuredmedia":[{"embeddable":true,"href":"https:\/\/www.planipharm.com\/en\/wp-json\/wp\/v2\/media\/3515"}],"wp:attachment":[{"href":"https:\/\/www.planipharm.com\/en\/wp-json\/wp\/v2\/media?parent=415"}],"curies":[{"name":"wp","href":"https:\/\/api.w.org\/{rel}","templated":true}]}}